{"id":3792,"date":"2018-01-06T22:42:00","date_gmt":"2018-01-06T21:42:00","guid":{"rendered":"https:\/\/oase-gronau-losser.org\/de\/?page_id=3792"},"modified":"2024-12-08T12:42:36","modified_gmt":"2024-12-08T11:42:36","slug":"datenschutz","status":"publish","type":"page","link":"https:\/\/oase-gronau-losser.org\/de\/datenschutz\/","title":{"rendered":"Datenschutz"},"content":{"rendered":"<p><span style=\"font-weight: 400;\"><strong>Wir nehmen den Datenschutz der Besucher unserer Webseite sehr ernst.<\/strong> <em>Hier m\u00f6chten wir Ihnen erkl\u00e4ren, welche Daten Sie an uns bei der Nutzung unserer Webseite \u00fcbermitteln und welche Daten wir \u00fcber Ihren Besuch f\u00fcr einen bestimmten Zeitraum speichern.<\/em> Ihre personenbezogenen Daten werden von uns entsprechend gesetzlicher Datenschutzvorschriften und wie in dieser Datenschutzerkl\u00e4rung erl\u00e4utert behandelt.<\/span><\/p>\n<p><span style=\"font-weight: 400;\">Die Nutzung unserer Webseite erm\u00f6glichen wir Ihnen generell ohne die Angabe personenbezogener Daten.<\/span><\/p>\n<h3><b>Server-Log-Files<\/b><\/h3>\n<p><span style=\"font-weight: 400;\">Wenn Sie unsere Webseite aufrufen, \u00fcbermittelt Ihr Browser (das Programm, mit dem Sie unsere Webseite ansehen) an uns Daten Ihrer Anfrage. Dazu geh\u00f6ren die IP-Adresse Ihres Internetanschlusses, die angeforderte Seite, die vorher besuchte Seite (Referrer), der genaue Zeitpunkt der Anfrage, der Name des anfragenden \u00bbHosts\u00ab (Computers), sowie die Informationen \u00fcber den Browser, die dieser an uns \u00fcbermittelt (in der Regel sind das Browsername, Betriebssystem und Versionsnummer).<\/span><\/p>\n<p><span style=\"font-weight: 400;\">Diese Daten sind f\u00fcr uns keiner bestimmten Person zuordenbar. Wir f\u00fchren diese Daten nicht mit anderen Datenquellen zusammen. Wir speichern Sie nur aus Sicherheitsgr\u00fcnden, z.B. f\u00fcr den Fall, dass es Anhaltspunkte f\u00fcr eine rechtswidrige Nutzung unserer Webseite gibt, und f\u00fcr den Zweck der Fehleranalyse und -behebung. Zugriffsdaten werden maximal 6 Wochen gespeichert.<\/span><\/p>\n<h3><b>Kontaktformular<\/b><\/h3>\n<p><span style=\"font-weight: 400;\">Sollten Sie unser Kontaktformular nutzen, so verwenden wir die von Ihnen angegebenen Daten ausschlie\u00dflich f\u00fcr die Beantwortung Ihrer Anfrage. Eine Weitergabe Ihrer \u00fcber das Kontaktformular \u00fcbermittelten Daten an Dritte erfolgt nicht. Ein Abgleich der so erhaltenen Daten mit anderen Daten, die m\u00f6glicherweise auf unserer Seite erhoben werden, erfolgt ebenfalls nicht.<\/span><\/p>\n<h3><b>Besucherstatistik \u2013 Statify<\/b><\/h3>\n<p><span style=\"font-weight: 400;\">Zur Messung der Reichweite einzelner Seiten und Artikel f\u00fchren wir zudem eine vollst\u00e4ndig anonyme Statistik von Seitenaufrufen unabh\u00e4ngig von der Zugriffsaufzeichnung des Servers. Diese anonymisierten Daten nutzen wir, um herauszufinden, was Sie, die Besucher, an unserer Webseite gerne m\u00f6gen und was wir verbessern k\u00f6nnen. R\u00fcckschl\u00fcsse auf bestimmte Besucher k\u00f6nnen mit Hilfe dieser Daten nicht gezogen werden. Die Daten umfassen die besuchte Seite, den Tag des Aufrufs und die vorherige Seite, die zu dieser f\u00fchrte (Referrer). Diese Daten bewahren wir 1 Jahr auf, danach werden sie gel\u00f6scht. Zur Sammlung dieser Daten verwenden wir die Software <\/span><a href=\"https:\/\/wordpress.org\/plugins\/statify\/\"><span style=\"font-weight: 400;\">\u201eStatify\u201c<\/span><\/a><span style=\"font-weight: 400;\">.<\/span><\/p>\n<p><span style=\"font-weight: 400;\">Wir m\u00f6chten Sie darauf aufmerksam machen, dass wir bewusst s\u00e4mtliche Zugriffsdaten innerhalb unseres eigenen Systems verarbeiten. Ihre Daten werden von uns zu keiner Zeit au\u00dferhalb Deutschlands gespeichert oder verarbeitet. Wir setzen keinen Tracking-Service einer dritten Partei auf dieser Webseite ein (wie etwa Google Analytics).<\/span><\/p>\n<h3><b>Google Fonts<\/b><\/h3>\n<p><span style=\"font-weight: 400;\">Diese Seite nutzt Web Fonts, die von Google Inc., 1600 Amphitheatre Parkway, Mountain View, CA 94043, USA (\u201eGoogle\u201c) bereitgestellt werden. Web Fonts sind Schriftarten, die Ihr Browser herunterl\u00e4dt und benutzt, um Texte und Schriftarten auf unserer Webseite anzuzeigen. Beim Abrufen der Web Fonts wird Ihre IP-Adresse an Google \u00fcbermittelt. Ob und wie Google diese Daten mit anderen Daten, die Sie bei Google hinterlegt haben, verwendet, ist uns nicht bekannt.<\/span><\/p>\n<p><span style=\"font-weight: 400;\">Weitere Informationen zu Google Web Fonts finden Sie unter <\/span><a href=\"https:\/\/developers.google.com\/fonts\/faq\"><span style=\"font-weight: 400;\">https:\/\/developers.google.com\/fonts\/faq<\/span><\/a><span style=\"font-weight: 400;\"> und in der Datenschutzerkl\u00e4rung von Google: <\/span><a href=\"https:\/\/www.google.com\/policies\/privacy\/\"><span style=\"font-weight: 400;\">https:\/\/www.google.com\/policies\/privacy\/<\/span><\/a><\/p>\n<h3>Kommentare<\/h3>\n<p>Wenn Besucher Kommentare auf der Website schreiben, sammeln wir die Daten, die im Kommentar-Formular angezeigt werden, au\u00dferdem die IP-Adresse des Besuchers und den User-Agent-String (damit wird der Browser identifiziert), um die Erkennung von Spam zu unterst\u00fctzen.<\/p>\n<p>Aus deiner E-Mail-Adresse kann eine anonymisierte Zeichenfolge erstellt (auch Hash genannt) und dem Gravatar-Dienst \u00fcbergeben werden, um zu pr\u00fcfen, ob du diesen benutzt. Die Datenschutzerkl\u00e4rung des Gravatar-Dienstes findest du hier: <a href=\"https:\/\/automattic.com\/privacy\/\">https:\/\/automattic.com\/privacy\/<\/a>. Nachdem dein Kommentar freigegeben wurde, ist dein Profilbild \u00f6ffentlich im Kontext deines Kommentars sichtbar.<\/p>\n<h3><b>Auskunft, L\u00f6schung, Sperrung und Fragen<\/b><\/h3>\n<p><span style=\"font-weight: 400;\">Sollten Sie Fragen zum Datenschutz haben, k\u00f6nnen Sie sich jederzeit <a href=\"https:\/\/oase-gronau-losser.org\/de\/ueber-uns\/kontakt\/\">an uns wenden<\/a>. Dies gilt auch f\u00fcr das gesetzlich einger\u00e4umte Recht zur Auskunft \u00fcber und Berichtigung, Sperrung oder L\u00f6schung von personenbezogenen Daten, die wir ggf. \u00fcber Sie gespeichert haben.<\/span><\/p>\n","protected":false},"excerpt":{"rendered":"<p>Wir nehmen den Datenschutz der Besucher unserer Webseite sehr ernst. Hier m\u00f6chten wir Ihnen erkl\u00e4ren, welche Daten Sie an uns bei der Nutzung unserer Webseite \u00fcbermitteln und welche Daten wir \u00fcber Ihren Besuch f\u00fcr einen bestimmten Zeitraum speichern. Ihre personenbezogenen Daten werden von uns entsprechend gesetzlicher Datenschutzvorschriften und wie in [&hellip;]<\/p>\n","protected":false},"author":1,"featured_media":0,"parent":0,"menu_order":10,"comment_status":"closed","ping_status":"closed","template":"","meta":{"_acf_changed":false,"footnotes":""},"class_list":["post-3792","page","type-page","status-publish","hentry"],"acf":[],"yoast_head":"<!-- This site is optimized with the Yoast SEO plugin v27.5 - https:\/\/yoast.com\/product\/yoast-seo-wordpress\/ -->\n<title>Datenschutz - \u00d6kumenischer Kirchengarten OASE<\/title>\n<meta name=\"robots\" content=\"index, follow, max-snippet:-1, max-image-preview:large, max-video-preview:-1\" \/>\n<link rel=\"canonical\" href=\"https:\/\/oase-gronau-losser.org\/de\/datenschutz\/\" \/>\n<meta property=\"og:locale\" content=\"de_DE\" \/>\n<meta property=\"og:type\" content=\"article\" \/>\n<meta property=\"og:title\" content=\"Datenschutz - \u00d6kumenischer Kirchengarten OASE\" \/>\n<meta property=\"og:description\" content=\"Wir nehmen den Datenschutz der Besucher unserer Webseite sehr ernst. Hier m\u00f6chten wir Ihnen erkl\u00e4ren, welche Daten Sie an uns bei der Nutzung unserer Webseite \u00fcbermitteln und welche Daten wir \u00fcber Ihren Besuch f\u00fcr einen bestimmten Zeitraum speichern. Ihre personenbezogenen Daten werden von uns entsprechend gesetzlicher Datenschutzvorschriften und wie in [&hellip;]\" \/>\n<meta property=\"og:url\" content=\"https:\/\/oase-gronau-losser.org\/de\/datenschutz\/\" \/>\n<meta property=\"og:site_name\" content=\"\u00d6kumenischer Kirchengarten OASE\" \/>\n<meta property=\"article:modified_time\" content=\"2024-12-08T11:42:36+00:00\" \/>\n<meta name=\"twitter:card\" content=\"summary_large_image\" \/>\n<meta name=\"twitter:label1\" content=\"Gesch\u00e4tzte Lesezeit\" \/>\n\t<meta name=\"twitter:data1\" content=\"3\u00a0Minuten\" \/>\n<script type=\"application\/ld+json\" class=\"yoast-schema-graph\">{\"@context\":\"https:\\\/\\\/schema.org\",\"@graph\":[{\"@type\":\"WebPage\",\"@id\":\"https:\\\/\\\/oase-gronau-losser.org\\\/de\\\/datenschutz\\\/\",\"url\":\"https:\\\/\\\/oase-gronau-losser.org\\\/de\\\/datenschutz\\\/\",\"name\":\"Datenschutz - \u00d6kumenischer Kirchengarten OASE\",\"isPartOf\":{\"@id\":\"https:\\\/\\\/oase-gronau-losser.org\\\/de\\\/#website\"},\"datePublished\":\"2018-01-06T21:42:00+00:00\",\"dateModified\":\"2024-12-08T11:42:36+00:00\",\"breadcrumb\":{\"@id\":\"https:\\\/\\\/oase-gronau-losser.org\\\/de\\\/datenschutz\\\/#breadcrumb\"},\"inLanguage\":\"de\",\"potentialAction\":[{\"@type\":\"ReadAction\",\"target\":[\"https:\\\/\\\/oase-gronau-losser.org\\\/de\\\/datenschutz\\\/\"]}]},{\"@type\":\"BreadcrumbList\",\"@id\":\"https:\\\/\\\/oase-gronau-losser.org\\\/de\\\/datenschutz\\\/#breadcrumb\",\"itemListElement\":[{\"@type\":\"ListItem\",\"position\":1,\"name\":\"Home\",\"item\":\"https:\\\/\\\/oase-gronau-losser.org\\\/de\\\/\"},{\"@type\":\"ListItem\",\"position\":2,\"name\":\"Datenschutz\"}]},{\"@type\":\"WebSite\",\"@id\":\"https:\\\/\\\/oase-gronau-losser.org\\\/de\\\/#website\",\"url\":\"https:\\\/\\\/oase-gronau-losser.org\\\/de\\\/\",\"name\":\"\u00d6kumenischer Kirchengarten OASE\",\"description\":\"Oecumenische Kerkentuin OASE \u2013 Christenen aan de grens\",\"potentialAction\":[{\"@type\":\"SearchAction\",\"target\":{\"@type\":\"EntryPoint\",\"urlTemplate\":\"https:\\\/\\\/oase-gronau-losser.org\\\/de\\\/?s={search_term_string}\"},\"query-input\":{\"@type\":\"PropertyValueSpecification\",\"valueRequired\":true,\"valueName\":\"search_term_string\"}}],\"inLanguage\":\"de\"}]}<\/script>\n<!-- \/ Yoast SEO plugin. -->","yoast_head_json":{"title":"Datenschutz - \u00d6kumenischer Kirchengarten OASE","robots":{"index":"index","follow":"follow","max-snippet":"max-snippet:-1","max-image-preview":"max-image-preview:large","max-video-preview":"max-video-preview:-1"},"canonical":"https:\/\/oase-gronau-losser.org\/de\/datenschutz\/","og_locale":"de_DE","og_type":"article","og_title":"Datenschutz - \u00d6kumenischer Kirchengarten OASE","og_description":"Wir nehmen den Datenschutz der Besucher unserer Webseite sehr ernst. Hier m\u00f6chten wir Ihnen erkl\u00e4ren, welche Daten Sie an uns bei der Nutzung unserer Webseite \u00fcbermitteln und welche Daten wir \u00fcber Ihren Besuch f\u00fcr einen bestimmten Zeitraum speichern. Ihre personenbezogenen Daten werden von uns entsprechend gesetzlicher Datenschutzvorschriften und wie in [&hellip;]","og_url":"https:\/\/oase-gronau-losser.org\/de\/datenschutz\/","og_site_name":"\u00d6kumenischer Kirchengarten OASE","article_modified_time":"2024-12-08T11:42:36+00:00","twitter_card":"summary_large_image","twitter_misc":{"Gesch\u00e4tzte Lesezeit":"3\u00a0Minuten"},"schema":{"@context":"https:\/\/schema.org","@graph":[{"@type":"WebPage","@id":"https:\/\/oase-gronau-losser.org\/de\/datenschutz\/","url":"https:\/\/oase-gronau-losser.org\/de\/datenschutz\/","name":"Datenschutz - \u00d6kumenischer Kirchengarten OASE","isPartOf":{"@id":"https:\/\/oase-gronau-losser.org\/de\/#website"},"datePublished":"2018-01-06T21:42:00+00:00","dateModified":"2024-12-08T11:42:36+00:00","breadcrumb":{"@id":"https:\/\/oase-gronau-losser.org\/de\/datenschutz\/#breadcrumb"},"inLanguage":"de","potentialAction":[{"@type":"ReadAction","target":["https:\/\/oase-gronau-losser.org\/de\/datenschutz\/"]}]},{"@type":"BreadcrumbList","@id":"https:\/\/oase-gronau-losser.org\/de\/datenschutz\/#breadcrumb","itemListElement":[{"@type":"ListItem","position":1,"name":"Home","item":"https:\/\/oase-gronau-losser.org\/de\/"},{"@type":"ListItem","position":2,"name":"Datenschutz"}]},{"@type":"WebSite","@id":"https:\/\/oase-gronau-losser.org\/de\/#website","url":"https:\/\/oase-gronau-losser.org\/de\/","name":"\u00d6kumenischer Kirchengarten OASE","description":"Oecumenische Kerkentuin OASE \u2013 Christenen aan de grens","potentialAction":[{"@type":"SearchAction","target":{"@type":"EntryPoint","urlTemplate":"https:\/\/oase-gronau-losser.org\/de\/?s={search_term_string}"},"query-input":{"@type":"PropertyValueSpecification","valueRequired":true,"valueName":"search_term_string"}}],"inLanguage":"de"}]}},"_links":{"self":[{"href":"https:\/\/oase-gronau-losser.org\/de\/wp-json\/wp\/v2\/pages\/3792","targetHints":{"allow":["GET"]}}],"collection":[{"href":"https:\/\/oase-gronau-losser.org\/de\/wp-json\/wp\/v2\/pages"}],"about":[{"href":"https:\/\/oase-gronau-losser.org\/de\/wp-json\/wp\/v2\/types\/page"}],"author":[{"embeddable":true,"href":"https:\/\/oase-gronau-losser.org\/de\/wp-json\/wp\/v2\/users\/1"}],"replies":[{"embeddable":true,"href":"https:\/\/oase-gronau-losser.org\/de\/wp-json\/wp\/v2\/comments?post=3792"}],"version-history":[{"count":6,"href":"https:\/\/oase-gronau-losser.org\/de\/wp-json\/wp\/v2\/pages\/3792\/revisions"}],"predecessor-version":[{"id":4111,"href":"https:\/\/oase-gronau-losser.org\/de\/wp-json\/wp\/v2\/pages\/3792\/revisions\/4111"}],"wp:attachment":[{"href":"https:\/\/oase-gronau-losser.org\/de\/wp-json\/wp\/v2\/media?parent=3792"}],"curies":[{"name":"wp","href":"https:\/\/api.w.org\/{rel}","templated":true}]}}