{"id":32,"date":"2014-11-14T16:17:07","date_gmt":"2014-11-14T14:17:07","guid":{"rendered":"\/\/oase-gronau-losser.org\/?page_id=32"},"modified":"2024-12-08T12:44:33","modified_gmt":"2024-12-08T11:44:33","slug":"mitglied-werden","status":"publish","type":"page","link":"https:\/\/oase-gronau-losser.org\/de\/ueber-uns\/mitglied-werden\/","title":{"rendered":"Mitglied werden"},"content":{"rendered":"<h1>Wenn Sie Mitglied oder F\u00f6rderer der OASE e.V. werden wollen&#8230;<\/h1>\n<p>Wenn Sie <b>Mitglied<\/b> werden wollen, nehmen Sie <a title=\"Kontakt\" href=\"\/\/oase-gronau-losser.org\/de\/ueber-uns\/kontakt\/\">Kontakt<\/a> mit uns auf. Wir schicken Ihnen gerne ein Anmeldeformular zu.<\/p>\n<table width=\"50%\">\n<tbody>\n<tr>\n<th colspan=\"2\"><b>Mindestbeitrag pro Jahr:<\/b><\/th>\n<\/tr>\n<tr style=\"background-color: #c9c9c9;\">\n<td width=\"50%\">Einzelmitglieder<\/td>\n<td style=\"text-align: center;\" width=\"50%\">15\u20ac<\/td>\n<\/tr>\n<tr style=\"background-color: #999999; color: white;\">\n<td width=\"50%\">Familien bzw. Ehepaare<\/td>\n<td style=\"text-align: center;\" width=\"50%\">25\u20ac<\/td>\n<\/tr>\n<tr style=\"background-color: #c9c9c9; color: black;\">\n<td width=\"50%\">Sch\u00fcler, Studenten<\/td>\n<td style=\"text-align: center;\" width=\"50%\">frei<\/td>\n<\/tr>\n<tr style=\"background-color: #999999; color: white;\">\n<td width=\"50%\">Kirchengemeinden,<br \/>\nEinrichtungen,<br \/>\nWerke<\/td>\n<td style=\"text-align: center;\" width=\"50%\">100\u20ac<\/td>\n<\/tr>\n<\/tbody>\n<\/table>\n<p>Wenn Sie die OASE anderweitig f\u00f6rdern m\u00f6chten, unterst\u00fctzen Sie uns durch praktische Arbeit oder durch eine Spende.<\/p>\n<p><b><br \/>\nInformationen zur Mitgliedschaft<\/b> bei&#8230;<br \/>\nMarlies Gartmann, Brinkerei 15, 48599 Gronau<br \/>\nTel.: 0049 2565 3453<\/p>\n<p>&nbsp;<\/p>\n<p><b>Spenden und Beitr\u00e4ge<\/b> unter Nennung von Name und Adresse, ggfs. Zweck<\/p>\n<table style=\"font-size: 10pt;\" border=\"0\" width=\"100%\">\n<tbody>\n<tr>\n<td width=\"49%\">\n<h3><span style=\"color: #000000;\"><strong>\u00d6kumenischer Kirchengarten OASE<br \/>\n<\/strong> <strong> Volksbank Gronau-Ahaus<br \/>\n<\/strong> <strong> Iban: DE 16 4016 4024 0114 9536 00<br \/>\n<\/strong> <strong> BIC: GENODEM1GRN<\/strong><\/span><\/h3>\n<\/td>\n<td width=\"2%\"><\/td>\n<td width=\"49%\"><\/td>\n<\/tr>\n<\/tbody>\n<\/table>\n<p>Der Verein ist als <b>gemeinn\u00fctzig<\/b> anerkannt. Spendenbescheinigungen werden ausgestellt. Bei Spenden bis 100 \u20ac gilt der Einzahlungsbeleg.<\/p>\n","protected":false},"excerpt":{"rendered":"<p>Wenn Sie Mitglied oder F\u00f6rderer der OASE e.V. werden wollen&#8230; Wenn Sie Mitglied werden wollen, nehmen Sie Kontakt mit uns auf. Wir schicken Ihnen gerne ein Anmeldeformular zu. Mindestbeitrag pro Jahr: Einzelmitglieder 15\u20ac Familien bzw. Ehepaare 25\u20ac Sch\u00fcler, Studenten frei Kirchengemeinden, Einrichtungen, Werke 100\u20ac Wenn Sie die OASE anderweitig f\u00f6rdern [&hellip;]<\/p>\n","protected":false},"author":1,"featured_media":0,"parent":15,"menu_order":6,"comment_status":"closed","ping_status":"closed","template":"","meta":{"_acf_changed":false,"footnotes":""},"class_list":["post-32","page","type-page","status-publish","hentry"],"acf":[],"yoast_head":"<!-- This site is optimized with the Yoast SEO plugin v27.4 - https:\/\/yoast.com\/product\/yoast-seo-wordpress\/ -->\n<title>Mitglied werden - \u00d6kumenischer Kirchengarten OASE<\/title>\n<meta name=\"robots\" content=\"index, follow, max-snippet:-1, max-image-preview:large, max-video-preview:-1\" \/>\n<link rel=\"canonical\" href=\"https:\/\/oase-gronau-losser.org\/de\/ueber-uns\/mitglied-werden\/\" \/>\n<meta property=\"og:locale\" content=\"de_DE\" \/>\n<meta property=\"og:type\" content=\"article\" \/>\n<meta property=\"og:title\" content=\"Mitglied werden - \u00d6kumenischer Kirchengarten OASE\" \/>\n<meta property=\"og:description\" content=\"Wenn Sie Mitglied oder F\u00f6rderer der OASE e.V. werden wollen&#8230; Wenn Sie Mitglied werden wollen, nehmen Sie Kontakt mit uns auf. Wir schicken Ihnen gerne ein Anmeldeformular zu. Mindestbeitrag pro Jahr: Einzelmitglieder 15\u20ac Familien bzw. Ehepaare 25\u20ac Sch\u00fcler, Studenten frei Kirchengemeinden, Einrichtungen, Werke 100\u20ac Wenn Sie die OASE anderweitig f\u00f6rdern [&hellip;]\" \/>\n<meta property=\"og:url\" content=\"https:\/\/oase-gronau-losser.org\/de\/ueber-uns\/mitglied-werden\/\" \/>\n<meta property=\"og:site_name\" content=\"\u00d6kumenischer Kirchengarten OASE\" \/>\n<meta property=\"article:modified_time\" content=\"2024-12-08T11:44:33+00:00\" \/>\n<meta name=\"twitter:card\" content=\"summary_large_image\" \/>\n<meta name=\"twitter:label1\" content=\"Gesch\u00e4tzte Lesezeit\" \/>\n\t<meta name=\"twitter:data1\" content=\"1\u00a0Minute\" \/>\n<script type=\"application\/ld+json\" class=\"yoast-schema-graph\">{\"@context\":\"https:\\\/\\\/schema.org\",\"@graph\":[{\"@type\":\"WebPage\",\"@id\":\"https:\\\/\\\/oase-gronau-losser.org\\\/de\\\/ueber-uns\\\/mitglied-werden\\\/\",\"url\":\"https:\\\/\\\/oase-gronau-losser.org\\\/de\\\/ueber-uns\\\/mitglied-werden\\\/\",\"name\":\"Mitglied werden - \u00d6kumenischer Kirchengarten OASE\",\"isPartOf\":{\"@id\":\"https:\\\/\\\/oase-gronau-losser.org\\\/de\\\/#website\"},\"datePublished\":\"2014-11-14T14:17:07+00:00\",\"dateModified\":\"2024-12-08T11:44:33+00:00\",\"breadcrumb\":{\"@id\":\"https:\\\/\\\/oase-gronau-losser.org\\\/de\\\/ueber-uns\\\/mitglied-werden\\\/#breadcrumb\"},\"inLanguage\":\"de\",\"potentialAction\":[{\"@type\":\"ReadAction\",\"target\":[\"https:\\\/\\\/oase-gronau-losser.org\\\/de\\\/ueber-uns\\\/mitglied-werden\\\/\"]}]},{\"@type\":\"BreadcrumbList\",\"@id\":\"https:\\\/\\\/oase-gronau-losser.org\\\/de\\\/ueber-uns\\\/mitglied-werden\\\/#breadcrumb\",\"itemListElement\":[{\"@type\":\"ListItem\",\"position\":1,\"name\":\"Home\",\"item\":\"https:\\\/\\\/oase-gronau-losser.org\\\/de\\\/\"},{\"@type\":\"ListItem\",\"position\":2,\"name\":\"Wer wir sind\",\"item\":\"https:\\\/\\\/oase-gronau-losser.org\\\/de\\\/ueber-uns\\\/\"},{\"@type\":\"ListItem\",\"position\":3,\"name\":\"Mitglied werden\"}]},{\"@type\":\"WebSite\",\"@id\":\"https:\\\/\\\/oase-gronau-losser.org\\\/de\\\/#website\",\"url\":\"https:\\\/\\\/oase-gronau-losser.org\\\/de\\\/\",\"name\":\"\u00d6kumenischer Kirchengarten OASE\",\"description\":\"Oecumenische Kerkentuin OASE \u2013 Christenen aan de grens\",\"potentialAction\":[{\"@type\":\"SearchAction\",\"target\":{\"@type\":\"EntryPoint\",\"urlTemplate\":\"https:\\\/\\\/oase-gronau-losser.org\\\/de\\\/?s={search_term_string}\"},\"query-input\":{\"@type\":\"PropertyValueSpecification\",\"valueRequired\":true,\"valueName\":\"search_term_string\"}}],\"inLanguage\":\"de\"}]}<\/script>\n<!-- \/ Yoast SEO plugin. -->","yoast_head_json":{"title":"Mitglied werden - \u00d6kumenischer Kirchengarten OASE","robots":{"index":"index","follow":"follow","max-snippet":"max-snippet:-1","max-image-preview":"max-image-preview:large","max-video-preview":"max-video-preview:-1"},"canonical":"https:\/\/oase-gronau-losser.org\/de\/ueber-uns\/mitglied-werden\/","og_locale":"de_DE","og_type":"article","og_title":"Mitglied werden - \u00d6kumenischer Kirchengarten OASE","og_description":"Wenn Sie Mitglied oder F\u00f6rderer der OASE e.V. werden wollen&#8230; Wenn Sie Mitglied werden wollen, nehmen Sie Kontakt mit uns auf. Wir schicken Ihnen gerne ein Anmeldeformular zu. Mindestbeitrag pro Jahr: Einzelmitglieder 15\u20ac Familien bzw. Ehepaare 25\u20ac Sch\u00fcler, Studenten frei Kirchengemeinden, Einrichtungen, Werke 100\u20ac Wenn Sie die OASE anderweitig f\u00f6rdern [&hellip;]","og_url":"https:\/\/oase-gronau-losser.org\/de\/ueber-uns\/mitglied-werden\/","og_site_name":"\u00d6kumenischer Kirchengarten OASE","article_modified_time":"2024-12-08T11:44:33+00:00","twitter_card":"summary_large_image","twitter_misc":{"Gesch\u00e4tzte Lesezeit":"1\u00a0Minute"},"schema":{"@context":"https:\/\/schema.org","@graph":[{"@type":"WebPage","@id":"https:\/\/oase-gronau-losser.org\/de\/ueber-uns\/mitglied-werden\/","url":"https:\/\/oase-gronau-losser.org\/de\/ueber-uns\/mitglied-werden\/","name":"Mitglied werden - \u00d6kumenischer Kirchengarten OASE","isPartOf":{"@id":"https:\/\/oase-gronau-losser.org\/de\/#website"},"datePublished":"2014-11-14T14:17:07+00:00","dateModified":"2024-12-08T11:44:33+00:00","breadcrumb":{"@id":"https:\/\/oase-gronau-losser.org\/de\/ueber-uns\/mitglied-werden\/#breadcrumb"},"inLanguage":"de","potentialAction":[{"@type":"ReadAction","target":["https:\/\/oase-gronau-losser.org\/de\/ueber-uns\/mitglied-werden\/"]}]},{"@type":"BreadcrumbList","@id":"https:\/\/oase-gronau-losser.org\/de\/ueber-uns\/mitglied-werden\/#breadcrumb","itemListElement":[{"@type":"ListItem","position":1,"name":"Home","item":"https:\/\/oase-gronau-losser.org\/de\/"},{"@type":"ListItem","position":2,"name":"Wer wir sind","item":"https:\/\/oase-gronau-losser.org\/de\/ueber-uns\/"},{"@type":"ListItem","position":3,"name":"Mitglied werden"}]},{"@type":"WebSite","@id":"https:\/\/oase-gronau-losser.org\/de\/#website","url":"https:\/\/oase-gronau-losser.org\/de\/","name":"\u00d6kumenischer Kirchengarten OASE","description":"Oecumenische Kerkentuin OASE \u2013 Christenen aan de grens","potentialAction":[{"@type":"SearchAction","target":{"@type":"EntryPoint","urlTemplate":"https:\/\/oase-gronau-losser.org\/de\/?s={search_term_string}"},"query-input":{"@type":"PropertyValueSpecification","valueRequired":true,"valueName":"search_term_string"}}],"inLanguage":"de"}]}},"_links":{"self":[{"href":"https:\/\/oase-gronau-losser.org\/de\/wp-json\/wp\/v2\/pages\/32","targetHints":{"allow":["GET"]}}],"collection":[{"href":"https:\/\/oase-gronau-losser.org\/de\/wp-json\/wp\/v2\/pages"}],"about":[{"href":"https:\/\/oase-gronau-losser.org\/de\/wp-json\/wp\/v2\/types\/page"}],"author":[{"embeddable":true,"href":"https:\/\/oase-gronau-losser.org\/de\/wp-json\/wp\/v2\/users\/1"}],"replies":[{"embeddable":true,"href":"https:\/\/oase-gronau-losser.org\/de\/wp-json\/wp\/v2\/comments?post=32"}],"version-history":[{"count":15,"href":"https:\/\/oase-gronau-losser.org\/de\/wp-json\/wp\/v2\/pages\/32\/revisions"}],"predecessor-version":[{"id":4081,"href":"https:\/\/oase-gronau-losser.org\/de\/wp-json\/wp\/v2\/pages\/32\/revisions\/4081"}],"up":[{"embeddable":true,"href":"https:\/\/oase-gronau-losser.org\/de\/wp-json\/wp\/v2\/pages\/15"}],"wp:attachment":[{"href":"https:\/\/oase-gronau-losser.org\/de\/wp-json\/wp\/v2\/media?parent=32"}],"curies":[{"name":"wp","href":"https:\/\/api.w.org\/{rel}","templated":true}]}}