{"id":17,"date":"2014-11-14T16:10:05","date_gmt":"2014-11-14T14:10:05","guid":{"rendered":"\/\/oase-gronau-losser.org\/?page_id=17"},"modified":"2024-12-08T12:44:20","modified_gmt":"2024-12-08T11:44:20","slug":"anfahrt","status":"publish","type":"page","link":"https:\/\/oase-gronau-losser.org\/de\/ueber-uns\/anfahrt\/","title":{"rendered":"Anfahrt"},"content":{"rendered":"<div class=\"embed-privacy-container is-disabled embed-google-maps\" data-embed-id=\"oembed_83820cdfedccfc84fce8877fd53b2389\" data-embed-provider=\"google-maps\" style=\"aspect-ratio: 600\/450;\">\t\t\t\t\t\t<button type=\"button\" class=\"embed-privacy-enable screen-reader-text\">Inhalt von Google Maps anzeigen<\/button>\t\t\t\t\t\t<\/p>\n<div class=\"embed-privacy-overlay\">\n<div class=\"embed-privacy-inner\">\n<div class=\"embed-privacy-logo\" style=\"background-image: url(https:\/\/oase-gronau-losser.org\/de\/wp-content\/plugins\/embed-privacy\/assets\/images\/embed-google-maps.png?ver=1778600914);\"><\/div>\n<p>\t\tHier klicken, um den Inhalt von Google Maps anzuzeigen.\t\t\t\t\t<br \/>\t\t\t\t\tErfahre mehr in der <a href=\"https:\/\/policies.google.com\/privacy?hl=de\" target=\"_blank\">Datenschutzerkl\u00e4rung von Google Maps<\/a>.\t\t<\/p>\n<p class=\"embed-privacy-input-wrapper\">\t\t\t<input id=\"embed-privacy-store-google-maps-83820cdfedccfc84fce8877fd53b2389\" type=\"checkbox\" value=\"1\" class=\"embed-privacy-input\" data-embed-provider=\"google-maps\">\t\t\t<label for=\"embed-privacy-store-google-maps-83820cdfedccfc84fce8877fd53b2389\" class=\"embed-privacy-label\" data-embed-provider=\"google-maps\">\t\t\t\tInhalt von Google Maps immer anzeigen\t\t\t<\/label>\t\t<\/p>\n<\/p><\/div>\n<div class=\"embed-privacy-footer\"><span class=\"embed-privacy-url\"><a href=\"https:\/\/www.google.com\/maps\/embed?pb=!1m18!1m12!1m3!1d2444.0264432427916!2d7.016407915796494!3d52.22473737975936!2m3!1f0!2f0!3f0!3m2!1i1024!2i768!4f13.1!3m3!1m2!1s0x0%3A0x5102efc496953120!2s%C3%96kumenischer+Kirchengarten+OASE+%E2%80%93+Christen+an+der+Grenze+e.V.!5e0!3m2!1sen!2sus!4v1484480257384&amp;w=600&amp;h=450&amp;output=embed\">Inhalt direkt \u00f6ffnen<\/a><\/span><\/div>\n<\/p><\/div>\n<div class=\"embed-privacy-content\">\t\t\t\t<script>var _oembed_83820cdfedccfc84fce8877fd53b2389 = '{\\\"embed\\\":\\\"&lt;iframe class=&quot;google-map&quot; width=&quot;600&quot; height=&quot;450&quot; frameborder=&quot;0&quot; scrolling=&quot;no&quot; marginheight=&quot;0&quot; marginwidth=&quot;0&quot; src=&quot;https:\\\\\/\\\\\/www.google.com\\\\\/maps\\\\\/embed?pb=!1m18!1m12!1m3!1d2444.0264432427916!2d7.016407915796494!3d52.22473737975936!2m3!1f0!2f0!3f0!3m2!1i1024!2i768!4f13.1!3m3!1m2!1s0x0%3A0x5102efc496953120!2s%C3%96kumenischer+Kirchengarten+OASE+%E2%80%93+Christen+an+der+Grenze+e.V.!5e0!3m2!1sen!2sus!4v1484480257384&amp;amp;w=600&amp;amp;h=450&amp;amp;output=embed&quot;&gt;&lt;\\\\\/iframe&gt;\\\"}';<\/script>\t\t\t<\/div>\n<\/p><\/div>\n<p><a style=\"text-align: left;\" href=\"https:\/\/www.google.com\/maps\/place\/%C3%96kumenischer+Kirchengarten+OASE+%E2%80%93+Christen+an+der+Grenze+e.V.\/@52.2247374,7.0164079,17z\/data=!3m1!4b1!4m5!3m4!1s0x0:0x5102efc496953120!8m2!3d52.2247374!4d7.0185966?hl=de-DE\" target=\"_blank\" rel=\"noopener\">Gr\u00f6\u00dfere Karte<\/a><\/p>\n<h4>Die OASE erreicht man&#8230;<\/h4>\n<p>\n&#8211; aus Gronau kommend:<\/p>\n<p><b>&#8222;Hermann-Ehlers-Str.&#8220;<\/b> Richtung <b>Enschede<\/b>, im <b>Kreis die 2. Abfahrt &#8222;K\u00f6nigstr.&#8220; -&gt; &#8222;Dinkelstr.&#8220;<\/b><\/p>\n<p>&#8211; aus Epe kommend:<\/p>\n<p><b>&#8222;Eper Str.&#8220; -&gt; &#8222;Gildehauser Str.&#8220;<\/b> bis <b>Schild Bhf<\/b>, links <b>&#8222;Spinnereistr.&#8220;<\/b> bis zum Kreis, &#8222;Losserstr.&#8220;, die 6. rechts, &#8222;Dinkelstr.&#8220;<\/p>\n<p>&#8211; aus Bentheim kommend:<\/p>\n<p><b>&#8222;Gildehauser Str.&#8220;<\/b> bis <b>Schild Bhf<\/b>, rechts <b>&#8222;Spinnereistr.&#8220;<\/b> bis zum <b>Kreis<\/b>, <b>&#8222;Losserstr.&#8220;<\/b>, <b>die 6. rechts<\/b>, <b>&#8222;Dinkelstr.&#8220;<\/b><\/p>\n<p><b>Die Dinkelstra\u00dfe ist nach ca. 300 m nicht mehr mit dem Auto passierbar.<\/b><\/p>\n<p>Das ist auch gut so, denn zu Fu\u00df ist der Regenbogen der OASE bestimmt nicht zu \u00fcbersehen.<\/p>\n<p><b>Nat\u00fcrlich ist die OASE auch gut mit der Fietse (Rad) erreichbar bei einem &#8218;Tochtje&#8216; an der Dinkel.<\/b><\/p>\n<p>\u00a0<\/p>\n","protected":false},"excerpt":{"rendered":"<p>Inhalt von Google Maps anzeigen Hier klicken, um den Inhalt von Google Maps anzuzeigen. Erfahre mehr in der Datenschutzerkl\u00e4rung von Google Maps. Inhalt von Google Maps immer anzeigen Inhalt direkt \u00f6ffnen Gr\u00f6\u00dfere Karte Die OASE erreicht man\u2026 \u2013 aus Gronau kommend: \u201eHermann-Ehlers-Str.\u201c Richtung Enschede, im Kreis die 2. Abfahrt \u201eK\u00f6nigstr.\u201c [&hellip;]<\/p>\n","protected":false},"author":1,"featured_media":0,"parent":15,"menu_order":4,"comment_status":"closed","ping_status":"closed","template":"","meta":{"_acf_changed":false,"footnotes":""},"class_list":["post-17","page","type-page","status-publish","hentry"],"acf":[],"yoast_head":"<!-- This site is optimized with the Yoast SEO plugin v27.6 - https:\/\/yoast.com\/product\/yoast-seo-wordpress\/ -->\n<title>Anfahrt - \u00d6kumenischer Kirchengarten OASE<\/title>\n<meta name=\"robots\" content=\"index, follow, max-snippet:-1, max-image-preview:large, max-video-preview:-1\" \/>\n<link rel=\"canonical\" href=\"https:\/\/oase-gronau-losser.org\/de\/ueber-uns\/anfahrt\/\" \/>\n<meta property=\"og:locale\" content=\"de_DE\" \/>\n<meta property=\"og:type\" content=\"article\" \/>\n<meta property=\"og:title\" content=\"Anfahrt - \u00d6kumenischer Kirchengarten OASE\" \/>\n<meta property=\"og:description\" content=\"Inhalt von Google Maps anzeigen Hier klicken, um den Inhalt von Google Maps anzuzeigen. Erfahre mehr in der Datenschutzerkl\u00e4rung von Google Maps. Inhalt von Google Maps immer anzeigen Inhalt direkt \u00f6ffnen Gr\u00f6\u00dfere Karte Die OASE erreicht man\u2026 \u2013 aus Gronau kommend: \u201eHermann-Ehlers-Str.\u201c Richtung Enschede, im Kreis die 2. Abfahrt \u201eK\u00f6nigstr.\u201c [&hellip;]\" \/>\n<meta property=\"og:url\" content=\"https:\/\/oase-gronau-losser.org\/de\/ueber-uns\/anfahrt\/\" \/>\n<meta property=\"og:site_name\" content=\"\u00d6kumenischer Kirchengarten OASE\" \/>\n<meta property=\"article:modified_time\" content=\"2024-12-08T11:44:20+00:00\" \/>\n<meta name=\"twitter:card\" content=\"summary_large_image\" \/>\n<meta name=\"twitter:label1\" content=\"Gesch\u00e4tzte Lesezeit\" \/>\n\t<meta name=\"twitter:data1\" content=\"1\u00a0Minute\" \/>\n<script type=\"application\/ld+json\" class=\"yoast-schema-graph\">{\"@context\":\"https:\\\/\\\/schema.org\",\"@graph\":[{\"@type\":\"WebPage\",\"@id\":\"https:\\\/\\\/oase-gronau-losser.org\\\/de\\\/ueber-uns\\\/anfahrt\\\/\",\"url\":\"https:\\\/\\\/oase-gronau-losser.org\\\/de\\\/ueber-uns\\\/anfahrt\\\/\",\"name\":\"Anfahrt - \u00d6kumenischer Kirchengarten OASE\",\"isPartOf\":{\"@id\":\"https:\\\/\\\/oase-gronau-losser.org\\\/de\\\/#website\"},\"datePublished\":\"2014-11-14T14:10:05+00:00\",\"dateModified\":\"2024-12-08T11:44:20+00:00\",\"breadcrumb\":{\"@id\":\"https:\\\/\\\/oase-gronau-losser.org\\\/de\\\/ueber-uns\\\/anfahrt\\\/#breadcrumb\"},\"inLanguage\":\"de\",\"potentialAction\":[{\"@type\":\"ReadAction\",\"target\":[\"https:\\\/\\\/oase-gronau-losser.org\\\/de\\\/ueber-uns\\\/anfahrt\\\/\"]}]},{\"@type\":\"BreadcrumbList\",\"@id\":\"https:\\\/\\\/oase-gronau-losser.org\\\/de\\\/ueber-uns\\\/anfahrt\\\/#breadcrumb\",\"itemListElement\":[{\"@type\":\"ListItem\",\"position\":1,\"name\":\"Home\",\"item\":\"https:\\\/\\\/oase-gronau-losser.org\\\/de\\\/\"},{\"@type\":\"ListItem\",\"position\":2,\"name\":\"Wer wir sind\",\"item\":\"https:\\\/\\\/oase-gronau-losser.org\\\/de\\\/ueber-uns\\\/\"},{\"@type\":\"ListItem\",\"position\":3,\"name\":\"Anfahrt\"}]},{\"@type\":\"WebSite\",\"@id\":\"https:\\\/\\\/oase-gronau-losser.org\\\/de\\\/#website\",\"url\":\"https:\\\/\\\/oase-gronau-losser.org\\\/de\\\/\",\"name\":\"\u00d6kumenischer Kirchengarten OASE\",\"description\":\"Oecumenische Kerkentuin OASE \u2013 Christenen aan de grens\",\"potentialAction\":[{\"@type\":\"SearchAction\",\"target\":{\"@type\":\"EntryPoint\",\"urlTemplate\":\"https:\\\/\\\/oase-gronau-losser.org\\\/de\\\/?s={search_term_string}\"},\"query-input\":{\"@type\":\"PropertyValueSpecification\",\"valueRequired\":true,\"valueName\":\"search_term_string\"}}],\"inLanguage\":\"de\"}]}<\/script>\n<!-- \/ Yoast SEO plugin. -->","yoast_head_json":{"title":"Anfahrt - \u00d6kumenischer Kirchengarten OASE","robots":{"index":"index","follow":"follow","max-snippet":"max-snippet:-1","max-image-preview":"max-image-preview:large","max-video-preview":"max-video-preview:-1"},"canonical":"https:\/\/oase-gronau-losser.org\/de\/ueber-uns\/anfahrt\/","og_locale":"de_DE","og_type":"article","og_title":"Anfahrt - \u00d6kumenischer Kirchengarten OASE","og_description":"Inhalt von Google Maps anzeigen Hier klicken, um den Inhalt von Google Maps anzuzeigen. Erfahre mehr in der Datenschutzerkl\u00e4rung von Google Maps. Inhalt von Google Maps immer anzeigen Inhalt direkt \u00f6ffnen Gr\u00f6\u00dfere Karte Die OASE erreicht man\u2026 \u2013 aus Gronau kommend: \u201eHermann-Ehlers-Str.\u201c Richtung Enschede, im Kreis die 2. Abfahrt \u201eK\u00f6nigstr.\u201c [&hellip;]","og_url":"https:\/\/oase-gronau-losser.org\/de\/ueber-uns\/anfahrt\/","og_site_name":"\u00d6kumenischer Kirchengarten OASE","article_modified_time":"2024-12-08T11:44:20+00:00","twitter_card":"summary_large_image","twitter_misc":{"Gesch\u00e4tzte Lesezeit":"1\u00a0Minute"},"schema":{"@context":"https:\/\/schema.org","@graph":[{"@type":"WebPage","@id":"https:\/\/oase-gronau-losser.org\/de\/ueber-uns\/anfahrt\/","url":"https:\/\/oase-gronau-losser.org\/de\/ueber-uns\/anfahrt\/","name":"Anfahrt - \u00d6kumenischer Kirchengarten OASE","isPartOf":{"@id":"https:\/\/oase-gronau-losser.org\/de\/#website"},"datePublished":"2014-11-14T14:10:05+00:00","dateModified":"2024-12-08T11:44:20+00:00","breadcrumb":{"@id":"https:\/\/oase-gronau-losser.org\/de\/ueber-uns\/anfahrt\/#breadcrumb"},"inLanguage":"de","potentialAction":[{"@type":"ReadAction","target":["https:\/\/oase-gronau-losser.org\/de\/ueber-uns\/anfahrt\/"]}]},{"@type":"BreadcrumbList","@id":"https:\/\/oase-gronau-losser.org\/de\/ueber-uns\/anfahrt\/#breadcrumb","itemListElement":[{"@type":"ListItem","position":1,"name":"Home","item":"https:\/\/oase-gronau-losser.org\/de\/"},{"@type":"ListItem","position":2,"name":"Wer wir sind","item":"https:\/\/oase-gronau-losser.org\/de\/ueber-uns\/"},{"@type":"ListItem","position":3,"name":"Anfahrt"}]},{"@type":"WebSite","@id":"https:\/\/oase-gronau-losser.org\/de\/#website","url":"https:\/\/oase-gronau-losser.org\/de\/","name":"\u00d6kumenischer Kirchengarten OASE","description":"Oecumenische Kerkentuin OASE \u2013 Christenen aan de grens","potentialAction":[{"@type":"SearchAction","target":{"@type":"EntryPoint","urlTemplate":"https:\/\/oase-gronau-losser.org\/de\/?s={search_term_string}"},"query-input":{"@type":"PropertyValueSpecification","valueRequired":true,"valueName":"search_term_string"}}],"inLanguage":"de"}]}},"_links":{"self":[{"href":"https:\/\/oase-gronau-losser.org\/de\/wp-json\/wp\/v2\/pages\/17","targetHints":{"allow":["GET"]}}],"collection":[{"href":"https:\/\/oase-gronau-losser.org\/de\/wp-json\/wp\/v2\/pages"}],"about":[{"href":"https:\/\/oase-gronau-losser.org\/de\/wp-json\/wp\/v2\/types\/page"}],"author":[{"embeddable":true,"href":"https:\/\/oase-gronau-losser.org\/de\/wp-json\/wp\/v2\/users\/1"}],"replies":[{"embeddable":true,"href":"https:\/\/oase-gronau-losser.org\/de\/wp-json\/wp\/v2\/comments?post=17"}],"version-history":[{"count":12,"href":"https:\/\/oase-gronau-losser.org\/de\/wp-json\/wp\/v2\/pages\/17\/revisions"}],"predecessor-version":[{"id":4722,"href":"https:\/\/oase-gronau-losser.org\/de\/wp-json\/wp\/v2\/pages\/17\/revisions\/4722"}],"up":[{"embeddable":true,"href":"https:\/\/oase-gronau-losser.org\/de\/wp-json\/wp\/v2\/pages\/15"}],"wp:attachment":[{"href":"https:\/\/oase-gronau-losser.org\/de\/wp-json\/wp\/v2\/media?parent=17"}],"curies":[{"name":"wp","href":"https:\/\/api.w.org\/{rel}","templated":true}]}}