{"id":15,"date":"2014-11-14T16:09:10","date_gmt":"2014-11-14T15:09:10","guid":{"rendered":"\/\/oase-gronau-losser.org\/?page_id=15"},"modified":"2025-06-23T21:22:58","modified_gmt":"2025-06-23T19:22:58","slug":"ueber-uns","status":"publish","type":"page","link":"https:\/\/oase-gronau-losser.org\/de\/ueber-uns\/","title":{"rendered":"Wer wir sind"},"content":{"rendered":"<p>Die Durchf\u00fchrung des \u00f6kumenischen Kirchenprojektes: &#8222;OASE- Christenen aan de grens&#8220; bei der Landesgartenschau Gronau-Losser 2003 hat viele Menschen von nah und fern begeistert. Eine Art von grenz\u00fcberschreitender offener Kirche wurde in vielf\u00e4ltiger Weise erfahrbar. So wurde schlie\u00dflich aus dem Ende der Landesgartenschau der Anfang des Vereins <span class=\"blue\">\u00d6kumenischer Kirchengarten OASE \u2013 Christenen aan de grens e.V.<\/span><\/p>\n<h2>Vorstand Oase 2025-2026<\/h2>\n<ul>\n<li>1. Vorsitzende: Marlies Gartmann D<\/li>\n<li>2. Vorsitzende: Carlien Oldekamp NL<\/li>\n<li>Schriftf\u00fchrer: Hermien Heijmer N<\/li>\n<li>Kassenwart: Roel Kuijer NL<\/li>\n<li>Beisitzer: J\u00fcrgen Hofmann D<\/li>\n<li>Beisitzer: Els Fidder NL<\/li>\n<li>Beisitzer: Mario Ranke D<\/li>\n<li>Beisitzer: Gitta Hoeringt D<\/li>\n<\/ul>\n<h2>Was wir wollen<\/h2>\n<p>Wir sehen unsere Aufgabe in der F\u00f6rderung des deutsch-niederl\u00e4ndischen Zusammenlebens, dabei insbesondere die F\u00f6rderung des Dialogs zwischen den christlichen Konfessionen.<\/p>\n<p>Dies soll geschehen, indem<\/p>\n<p>\u2192 der im Rahmen der Landesgartenschau Gronau-Losser 2003 entstandene \u00f6kumenische Kirchengarten OASE als Begegnungsplatz erhalten und gepflegt wird,<\/p>\n<p>\u2192 spirituelle und sozio-kulturelle Aktivit\u00e4ten zur F\u00f6rderung der Verbundenheit zwischen Deutschen und Niederl\u00e4ndern gef\u00f6rdert werden<\/p>\n<p>\u2192 und eine offene Gemeinschaft diesbez\u00fcglich angestrebt wird.<\/p>\n<p>Die Inhalte und das Lebendige m\u00fcssen von begeisterten Menschen, engagierten Christinnen und offenen Kirchengemeinden kommen. Wir m\u00f6chten eine Plattform bilden, um die Einheit in der Vielfalt der Christenheit (und dar\u00fcber hinaus) sichtbar und erfahrbar werden zu lassen.<\/p>\n<p class=\"blue\">Von Ostersonntag bis zum Fr\u00fcchtefest ist die OASE jedes Wochenende von Freitagabend bis Sonntagabend f\u00fcr die unterschiedlichsten Veranstaltungen und Begegnungen offen.<\/p>\n<h2>Was wir bieten<\/h2>\n<h3>Die OASE &#8211; ein Platz<br \/>\nf\u00fcr au\u00dfergew\u00f6hnliche Stunden<\/h3>\n<p>Das OASE-Gel\u00e4nde kann &#8211; neben den bereits traditionellen Veranstaltungen (wie z.B. Osternacht, Ferienspiele, Seniorentag) und den \u00fcblichen Wochenendveranstaltungen &#8211; zu vielf\u00e4ltigen Gelegenheiten genutzt werden.<\/p>\n<p>Kirchliche \u2013 aber auch nichtkirchliche \u2013 Gruppen, Vereine, Schulklassen oder Nachbarschaften sind eingeladen mitzumachen oder selbst etwas zu organisieren, z.B. mit einem Thema, einem Projekt, das Begegnung f\u00f6rdert und uns sensibel macht f\u00fcr die anderen und f\u00fcr Gottes Sch\u00f6pfung &#8211; \u00fcber Grenzen aller Art hinweg.<\/p>\n<table width=\"100%\">\n<tbody>\n<tr>\n<td width=\"22%\"><b>Sie k\u00f6nnen<\/b><\/td>\n<td width=\"2%\"><\/td>\n<td width=\"6%\">\u2192<\/td>\n<td width=\"70%\">mit Ihren KonfirmandInnen oder Firmlingen eine Gruppenstunde, aber auch ein ganzes Wochenende bei uns verbringen<\/td>\n<\/tr>\n<tr>\n<td width=\"22%\"><\/td>\n<td width=\"2%\"><\/td>\n<td width=\"6%\">\u2192<\/td>\n<td width=\"70%\">mit Ihrer Gruppe einen Oasefeuerabend gestalten<\/td>\n<\/tr>\n<tr>\n<td width=\"20%\"><\/td>\n<td width=\"2%\"><\/td>\n<td width=\"6%\">\u2192<\/td>\n<td width=\"70%\">mit Ihrer Schulklasse an einem Workshop teilnehmen, zu dem wir gern auch, wenn gew\u00fcnscht, niederl\u00e4ndische Gespr\u00e4chspartner einladen<\/td>\n<\/tr>\n<\/tbody>\n<\/table>\n<table width=\"100%\">\n<tbody>\n<tr>\n<td width=\"22%\"><b>Themenvorschl\u00e4ge<\/b><\/td>\n<td width=\"2%\"><\/td>\n<td width=\"6%\">\u2192<\/td>\n<td width=\"70%\">Vom Korn zum Brot<\/td>\n<\/tr>\n<tr>\n<td width=\"22%\"><\/td>\n<td width=\"2%\"><\/td>\n<td width=\"6%\">\u2192<\/td>\n<td width=\"70%\">Bauen mit Lehm, Gestalten von Lehmbildern<\/td>\n<\/tr>\n<tr>\n<td width=\"22%\"><\/td>\n<td width=\"2%\"><\/td>\n<td width=\"6%\">\u2192<\/td>\n<td width=\"70%\">Bewahrung der Sch\u00f6pfung (z.B. Wasser o.\u00e4.)<\/td>\n<\/tr>\n<tr>\n<td width=\"20%\"><\/td>\n<td width=\"2%\"><\/td>\n<td width=\"6%\">\u2192<\/td>\n<td width=\"70%\">Eine Welt (z.B. Fairer Handel, Globalisierung)<\/td>\n<\/tr>\n<\/tbody>\n<\/table>\n<p><i>Diese Angebote der Oase k\u00f6nnen auch in der Woche, nach vorheriger Absprache und in Zusammenarbeit mit Ihnen als Begleitpersonen durchgef\u00fchrt werden. Um unsere Kosten auszugleichen, bitten wir um eine angemessene Spende.<\/i><\/p>\n<h2>Gott kennt keine Grenzen \u2013 allein nur Menschen<\/h2>\n<p><i>Dieser Satz, abwechselnd in deutsch und niederl\u00e4ndisch geschrieben auf einer Grenzsteinlinie \u00fcber das Gel\u00e4nde, ist unser Leitgedanke.<\/i><\/p>\n<h2>Ausz\u00fcge aus dem G\u00e4stebuch<\/h2>\n<p><i><b>Anmerkung:<\/b> Hiermit ist nicht das <a href=\"https:\/\/oase-gronau-losser.org\/de\/forum\/\">Internet-G\u00e4stebuch<\/a> gemeint. Die Ausz\u00fcge stammen aus dem auf der Oase ausliegenden G\u00e4stebuch.<\/i><\/p>\n<p>\u201eDer eigentliche Ort der Erkenntnis und Entwicklung ist die Grenze. Allen Grenzg\u00e4ngern der Vers\u00f6hnung und Entwicklung von Gerechtigkeit und Frieden sei dieser Ort eine Oase der Kreativit\u00e4t und \u00f6kumenischer Gemeinschaft.<\/p>\n<p>Herzlichen Gl\u00fcckwunsch und Gottes Segen&#8230;.\u201c<\/p>\n<p><em>(27. April 2003)<\/em><\/p>\n<hr \/>\n<p>\u201eGanz was Sch\u00f6nes ist das hier und auf jeden Fall ein Platz zum Wiederkommen!\u201c<\/p>\n<p><em>(12. Mai 2003)<\/em><\/p>\n<hr \/>\n<p>\u201eM\u00f6ge dieser Ort f\u00fcr viele eine Oase bleiben:<\/p>\n<p>f\u00fcr D\u00fcrstende, Hungrige, M\u00fcde und die schweren Herzens sind \u2013 ein Ort, wo sich jeder einen Schluck Wasser, eine Minute Ruhe, eine Handvoll Kraft f\u00fcr morgen und f\u00fcr die Zukunft \u201esch\u00f6pfen\u201c kann.<\/p>\n<p>Ich habe mich auch hier niedergesetzt, um mich auszuruhen. Fern von der Heimat habe ich meine F\u00fc\u00dfe baumeln lassen&#8230; als ob ich am Rande der Erdscheibe s\u00e4\u00dfe, mit dem Gef\u00fchl, auch hier zu Hause zu sein.\u201c<\/p>\n<p><em>(07. September 2003)<\/em><\/p>\n","protected":false},"excerpt":{"rendered":"<p>Die Durchf\u00fchrung des \u00f6kumenischen Kirchenprojektes: &#8222;OASE- Christenen aan de grens&#8220; bei der Landesgartenschau Gronau-Losser 2003 hat viele Menschen von nah und fern begeistert. Eine Art von grenz\u00fcberschreitender offener Kirche wurde in vielf\u00e4ltiger Weise erfahrbar. So wurde schlie\u00dflich aus dem Ende der Landesgartenschau der Anfang des Vereins \u00d6kumenischer Kirchengarten OASE \u2013 [&hellip;]<\/p>\n","protected":false},"author":1,"featured_media":0,"parent":0,"menu_order":3,"comment_status":"closed","ping_status":"closed","template":"","meta":{"_acf_changed":false,"footnotes":""},"class_list":["post-15","page","type-page","status-publish","hentry"],"acf":[],"yoast_head":"<!-- This site is optimized with the Yoast SEO plugin v27.3 - https:\/\/yoast.com\/product\/yoast-seo-wordpress\/ -->\n<title>Wer wir sind - \u00d6kumenischer Kirchengarten OASE<\/title>\n<meta name=\"robots\" content=\"index, follow, max-snippet:-1, max-image-preview:large, max-video-preview:-1\" \/>\n<link rel=\"canonical\" href=\"https:\/\/oase-gronau-losser.org\/de\/ueber-uns\/\" \/>\n<meta property=\"og:locale\" content=\"de_DE\" \/>\n<meta property=\"og:type\" content=\"article\" \/>\n<meta property=\"og:title\" content=\"Wer wir sind - \u00d6kumenischer Kirchengarten OASE\" \/>\n<meta property=\"og:description\" content=\"Die Durchf\u00fchrung des \u00f6kumenischen Kirchenprojektes: &#8222;OASE- Christenen aan de grens&#8220; bei der Landesgartenschau Gronau-Losser 2003 hat viele Menschen von nah und fern begeistert. Eine Art von grenz\u00fcberschreitender offener Kirche wurde in vielf\u00e4ltiger Weise erfahrbar. So wurde schlie\u00dflich aus dem Ende der Landesgartenschau der Anfang des Vereins \u00d6kumenischer Kirchengarten OASE \u2013 [&hellip;]\" \/>\n<meta property=\"og:url\" content=\"https:\/\/oase-gronau-losser.org\/de\/ueber-uns\/\" \/>\n<meta property=\"og:site_name\" content=\"\u00d6kumenischer Kirchengarten OASE\" \/>\n<meta property=\"article:modified_time\" content=\"2025-06-23T19:22:58+00:00\" \/>\n<meta name=\"twitter:card\" content=\"summary_large_image\" \/>\n<meta name=\"twitter:label1\" content=\"Gesch\u00e4tzte Lesezeit\" \/>\n\t<meta name=\"twitter:data1\" content=\"4\u00a0Minuten\" \/>\n<script type=\"application\/ld+json\" class=\"yoast-schema-graph\">{\"@context\":\"https:\\\/\\\/schema.org\",\"@graph\":[{\"@type\":\"WebPage\",\"@id\":\"https:\\\/\\\/oase-gronau-losser.org\\\/de\\\/ueber-uns\\\/\",\"url\":\"https:\\\/\\\/oase-gronau-losser.org\\\/de\\\/ueber-uns\\\/\",\"name\":\"Wer wir sind - \u00d6kumenischer Kirchengarten OASE\",\"isPartOf\":{\"@id\":\"https:\\\/\\\/oase-gronau-losser.org\\\/de\\\/#website\"},\"datePublished\":\"2014-11-14T15:09:10+00:00\",\"dateModified\":\"2025-06-23T19:22:58+00:00\",\"breadcrumb\":{\"@id\":\"https:\\\/\\\/oase-gronau-losser.org\\\/de\\\/ueber-uns\\\/#breadcrumb\"},\"inLanguage\":\"de\",\"potentialAction\":[{\"@type\":\"ReadAction\",\"target\":[\"https:\\\/\\\/oase-gronau-losser.org\\\/de\\\/ueber-uns\\\/\"]}]},{\"@type\":\"BreadcrumbList\",\"@id\":\"https:\\\/\\\/oase-gronau-losser.org\\\/de\\\/ueber-uns\\\/#breadcrumb\",\"itemListElement\":[{\"@type\":\"ListItem\",\"position\":1,\"name\":\"Home\",\"item\":\"https:\\\/\\\/oase-gronau-losser.org\\\/de\\\/\"},{\"@type\":\"ListItem\",\"position\":2,\"name\":\"Wer wir sind\"}]},{\"@type\":\"WebSite\",\"@id\":\"https:\\\/\\\/oase-gronau-losser.org\\\/de\\\/#website\",\"url\":\"https:\\\/\\\/oase-gronau-losser.org\\\/de\\\/\",\"name\":\"\u00d6kumenischer Kirchengarten OASE\",\"description\":\"Oecumenische Kerkentuin OASE \u2013 Christenen aan de grens\",\"potentialAction\":[{\"@type\":\"SearchAction\",\"target\":{\"@type\":\"EntryPoint\",\"urlTemplate\":\"https:\\\/\\\/oase-gronau-losser.org\\\/de\\\/?s={search_term_string}\"},\"query-input\":{\"@type\":\"PropertyValueSpecification\",\"valueRequired\":true,\"valueName\":\"search_term_string\"}}],\"inLanguage\":\"de\"}]}<\/script>\n<!-- \/ Yoast SEO plugin. -->","yoast_head_json":{"title":"Wer wir sind - \u00d6kumenischer Kirchengarten OASE","robots":{"index":"index","follow":"follow","max-snippet":"max-snippet:-1","max-image-preview":"max-image-preview:large","max-video-preview":"max-video-preview:-1"},"canonical":"https:\/\/oase-gronau-losser.org\/de\/ueber-uns\/","og_locale":"de_DE","og_type":"article","og_title":"Wer wir sind - \u00d6kumenischer Kirchengarten OASE","og_description":"Die Durchf\u00fchrung des \u00f6kumenischen Kirchenprojektes: &#8222;OASE- Christenen aan de grens&#8220; bei der Landesgartenschau Gronau-Losser 2003 hat viele Menschen von nah und fern begeistert. Eine Art von grenz\u00fcberschreitender offener Kirche wurde in vielf\u00e4ltiger Weise erfahrbar. So wurde schlie\u00dflich aus dem Ende der Landesgartenschau der Anfang des Vereins \u00d6kumenischer Kirchengarten OASE \u2013 [&hellip;]","og_url":"https:\/\/oase-gronau-losser.org\/de\/ueber-uns\/","og_site_name":"\u00d6kumenischer Kirchengarten OASE","article_modified_time":"2025-06-23T19:22:58+00:00","twitter_card":"summary_large_image","twitter_misc":{"Gesch\u00e4tzte Lesezeit":"4\u00a0Minuten"},"schema":{"@context":"https:\/\/schema.org","@graph":[{"@type":"WebPage","@id":"https:\/\/oase-gronau-losser.org\/de\/ueber-uns\/","url":"https:\/\/oase-gronau-losser.org\/de\/ueber-uns\/","name":"Wer wir sind - \u00d6kumenischer Kirchengarten OASE","isPartOf":{"@id":"https:\/\/oase-gronau-losser.org\/de\/#website"},"datePublished":"2014-11-14T15:09:10+00:00","dateModified":"2025-06-23T19:22:58+00:00","breadcrumb":{"@id":"https:\/\/oase-gronau-losser.org\/de\/ueber-uns\/#breadcrumb"},"inLanguage":"de","potentialAction":[{"@type":"ReadAction","target":["https:\/\/oase-gronau-losser.org\/de\/ueber-uns\/"]}]},{"@type":"BreadcrumbList","@id":"https:\/\/oase-gronau-losser.org\/de\/ueber-uns\/#breadcrumb","itemListElement":[{"@type":"ListItem","position":1,"name":"Home","item":"https:\/\/oase-gronau-losser.org\/de\/"},{"@type":"ListItem","position":2,"name":"Wer wir sind"}]},{"@type":"WebSite","@id":"https:\/\/oase-gronau-losser.org\/de\/#website","url":"https:\/\/oase-gronau-losser.org\/de\/","name":"\u00d6kumenischer Kirchengarten OASE","description":"Oecumenische Kerkentuin OASE \u2013 Christenen aan de grens","potentialAction":[{"@type":"SearchAction","target":{"@type":"EntryPoint","urlTemplate":"https:\/\/oase-gronau-losser.org\/de\/?s={search_term_string}"},"query-input":{"@type":"PropertyValueSpecification","valueRequired":true,"valueName":"search_term_string"}}],"inLanguage":"de"}]}},"_links":{"self":[{"href":"https:\/\/oase-gronau-losser.org\/de\/wp-json\/wp\/v2\/pages\/15","targetHints":{"allow":["GET"]}}],"collection":[{"href":"https:\/\/oase-gronau-losser.org\/de\/wp-json\/wp\/v2\/pages"}],"about":[{"href":"https:\/\/oase-gronau-losser.org\/de\/wp-json\/wp\/v2\/types\/page"}],"author":[{"embeddable":true,"href":"https:\/\/oase-gronau-losser.org\/de\/wp-json\/wp\/v2\/users\/1"}],"replies":[{"embeddable":true,"href":"https:\/\/oase-gronau-losser.org\/de\/wp-json\/wp\/v2\/comments?post=15"}],"version-history":[{"count":24,"href":"https:\/\/oase-gronau-losser.org\/de\/wp-json\/wp\/v2\/pages\/15\/revisions"}],"predecessor-version":[{"id":4892,"href":"https:\/\/oase-gronau-losser.org\/de\/wp-json\/wp\/v2\/pages\/15\/revisions\/4892"}],"wp:attachment":[{"href":"https:\/\/oase-gronau-losser.org\/de\/wp-json\/wp\/v2\/media?parent=15"}],"curies":[{"name":"wp","href":"https:\/\/api.w.org\/{rel}","templated":true}]}}